{"id":170,"date":"2023-08-05T11:55:21","date_gmt":"2023-08-05T11:55:21","guid":{"rendered":"https:\/\/garedebarse.be\/site-fr\/?page_id=170"},"modified":"2026-02-23T16:17:38","modified_gmt":"2026-02-23T16:17:38","slug":"tarifs","status":"publish","type":"page","link":"https:\/\/garedebarse.be\/site-fr\/tarifs\/","title":{"rendered":"Tarifs"},"content":{"rendered":"\n<p><strong>Le prix de location indiqu\u00e9 comprend les frais de nettoyage et de consommation (eau, chauffage et \u00e9lectricit\u00e9). La recharge des v\u00e9hicules \u00e9lectriques est compt\u00e9 s\u00e9par\u00e9ment<\/strong>, <strong>cela doit \u00eatre signal\u00e9 \u00e0 l&rsquo;avance<\/strong><\/p>\n\n\n\n<p><strong>PRIX STANDARD:<\/strong><\/p>\n\n\n\n<ul><li>Weekend (vendredi 16h \u00e0 dimanche 18h):               650\u20ac\u00a0<\/li><li>Long weekend (vendredi 16h \u00e0 lundi 10h):              750\u20ac\u00a0<\/li><li>Midweek (lundi 16h \u00e0 vendredi 10h):\u00a0                      850\u20ac\u00a0<\/li><li>Semaine (vend\/lun 16h \u00e0 tot vend\/lun 10h):           1100\u20ac<\/li><\/ul>\n\n\n\n<p><strong>PRIX HAUTE SAISON<\/strong>: (Weekends de f\u00eates, vacances d&rsquo;\u00e9t\u00e9 et vacances de No\u00ebl)<\/p>\n\n\n\n<p>WEEKENDS PROLONG\u00c9S<\/p>\n\n\n\n<ul><li>Weekend de P\u00e2ques (vendredi 16h \u2013 lundi 18h):                        850 \u20ac <\/li><li>Weekend d&rsquo; Ascencion (mercredi 16h \u2013 dimanche 18h):             950 \u20ac<\/li><li>Weekend de Pentec\u00f4te (vendredi 16h \u2013 lundi 18h):                    850 \u20ac<\/li><\/ul>\n\n\n\n<p><strong>V<\/strong>ACANCES D&rsquo;\u00c9T\u00c9 (1 juli \u00e0 31 a\u00f4ut)<\/p>\n\n\n\n<ul><li>Weekend (vendredi 16h \u00e0 dimanche 18h):               700 \u20ac <\/li><li>Long weekend (vendredi 16h \u00e0 lundi 10h):              800 \u20ac<\/li><li>Mi-semaine (lundi 16h \u00e0 vendredi 10h):\u00a0                  900 \u20ac<\/li><li>Semaine (vend\/lun 16h \u00e0 tot vend\/lun 10h):           1300 \u20ac<\/li><\/ul>\n\n\n\n<p><strong>V<\/strong>ACANCES DE NO\u00cbL: SEULEMENT PAR SEMAINE DE LUNDI 16h \u00e0 DIMANCHE 18h (sauf le premier weekend)<\/p>\n\n\n\n<ul><li>Semaine (lundi16h \u00e0 dimanche 18h):                       1350 \u20ac <\/li><li>Premier weekend (vendredi 16h \u00e0 dimanche 18h):    700 \u20ac <\/li><\/ul>\n\n\n\n<p><strong>PRIS BASSE SAISON: 4 janvier \u00e0 fin f\u00e9vrier<\/strong><\/p>\n\n\n\n<ul><li>Weekend (vendredi 16h \u2013 dimanche 18h):               600 \u20ac<\/li><li>Long weekend (vendredi 16h \u2013 lundi 10h):              700 \u20ac <\/li><li>Mi-semaine (lundi 16h \u2013 vendredi 10h):                   800 \u20ac<\/li><li>Semaine (vend\/lun 16h \u00e0 tot vend\/lun 10h):           1100 \u20ac <\/li><\/ul>\n\n\n\n<p><strong>La gare offre 3 chambres \u00e0 coucher,  3 salles de bains et une annexe chambre avec lits superpos\u00e9s, et convient pour un maximum de 8 personnes<\/strong>.  <\/p>\n\n\n\n<p><\/p>\n\n\n\n<p><strong>La location du linge de lit est facultative (10\u20ac par personne). Le linge de cuisine et les serviettes de bain sont \u00e0 fournir par vous-m\u00eame. <\/strong><\/p>\n\n\n\n<p><strong>Toute consommation eventuelle de pellets sera compt\u00e9 s\u00e9par\u00e9ment (6\u20ac par sac).<\/strong><\/p>\n\n\n\n<p><strong>Caution: 300\u20ac<\/strong><\/p>\n\n\n\n<p><strong>Cette maison est principalement destin\u00e9e \u00e0 accueillir des groupes familiaux. Les groupes non-familiaux peuvent cependant \u00eatre accept\u00e9s sous r\u00e9serve d\u2019 accord du propri\u00e9taire et d\u2019une \u00e9ventuelle majoration de la caution. L\u2019 organisation de f\u00eates d\u2019 \u00e9tudiants, enterrements de vie de jeune gar\u00e7on\/fille\u2026 est interdit.<\/strong><\/p>\n\n\n\n<p><strong><br>Animaux interdits.<br>Interdit de fumer.<\/strong><\/p>\n","protected":false},"excerpt":{"rendered":"<p>Le prix de location indiqu\u00e9 comprend les frais de nettoyage et de consommation (eau, chauffage et \u00e9lectricit\u00e9). La recharge des v\u00e9hicules \u00e9lectriques est compt\u00e9 s\u00e9par\u00e9ment, cela doit \u00eatre signal\u00e9 \u00e0 l&rsquo;avance PRIX STANDARD: Weekend (vendredi 16h \u00e0 dimanche 18h): 650\u20ac\u00a0 Long weekend (vendredi 16h \u00e0 lundi 10h): 750\u20ac\u00a0 Midweek (lundi 16h \u00e0 vendredi 10h):\u00a0 850\u20ac\u00a0 Semaine (vend\/lun 16h \u00e0 tot vend\/lun 10h): 1100\u20ac PRIX HAUTE SAISON: (Weekends de f\u00eates, vacances d&rsquo;\u00e9t\u00e9 et vacances de No\u00ebl) WEEKENDS PROLONG\u00c9S Weekend de P\u00e2ques (vendredi 16h \u2013 lundi 18h): 850 \u20ac Weekend d&rsquo; Ascencion (mercredi 16h \u2013 dimanche 18h): 950 \u20ac Weekend de Pentec\u00f4te&#8230; <\/p>\n","protected":false},"author":1,"featured_media":0,"parent":0,"menu_order":0,"comment_status":"closed","ping_status":"closed","template":"","meta":{"ngg_post_thumbnail":0},"_links":{"self":[{"href":"https:\/\/garedebarse.be\/site-fr\/wp-json\/wp\/v2\/pages\/170"}],"collection":[{"href":"https:\/\/garedebarse.be\/site-fr\/wp-json\/wp\/v2\/pages"}],"about":[{"href":"https:\/\/garedebarse.be\/site-fr\/wp-json\/wp\/v2\/types\/page"}],"author":[{"embeddable":true,"href":"https:\/\/garedebarse.be\/site-fr\/wp-json\/wp\/v2\/users\/1"}],"replies":[{"embeddable":true,"href":"https:\/\/garedebarse.be\/site-fr\/wp-json\/wp\/v2\/comments?post=170"}],"version-history":[{"count":42,"href":"https:\/\/garedebarse.be\/site-fr\/wp-json\/wp\/v2\/pages\/170\/revisions"}],"predecessor-version":[{"id":609,"href":"https:\/\/garedebarse.be\/site-fr\/wp-json\/wp\/v2\/pages\/170\/revisions\/609"}],"wp:attachment":[{"href":"https:\/\/garedebarse.be\/site-fr\/wp-json\/wp\/v2\/media?parent=170"}],"curies":[{"name":"wp","href":"https:\/\/api.w.org\/{rel}","templated":true}]}}