{"id":168,"date":"2023-08-05T11:54:55","date_gmt":"2023-08-05T11:54:55","guid":{"rendered":"https:\/\/garedebarse.be\/site-fr\/?page_id=168"},"modified":"2024-02-15T12:17:33","modified_gmt":"2024-02-15T12:17:33","slug":"environs","status":"publish","type":"page","link":"https:\/\/garedebarse.be\/site-fr\/environs\/","title":{"rendered":"Les environs"},"content":{"rendered":"\n<p>Le village de Marchin se situe dans \u201cLe pays du Condroz\u201d, une r\u00e9gion voisine des Ardennes et bien connue pour ses ch\u00e2teaux, ses anciennes \u00e9glises, fermes et chemins \u00e0 travers collines, bois et petits villages pittoresques.<\/p>\n\n\n\n<p>La ville de Huy, une ville pleine d\u2019histoire, vaut certainement la visite, avec sa tr\u00e8s belle grande place entour\u00e9e de caf\u00e9s et de magasins, et sa forteresse imposante dominant la Meuse. Les amateurs du cyclisme connaissent sans doute le \u201cMur de Huy\u201d, la mont\u00e9e finale de la \u201cFl\u00e8che de Wallonie\u201d.<\/p>\n\n\n\n<p>A moins de 5 km se trouve le ch\u00e2teau de Modave, merveilleusement restaur\u00e9, construit sur un rocher surplombant de 60 m\u00e8tres la vall\u00e9e du Hoyoux, class\u00e9e comme r\u00e9serve naturelle.<\/p>\n\n\n\n<p>Le p\u00f4le d\u2019attraction principal des Ardennes, la petite ville de Durbuy, avec son centre historique, se situe \u00e0 environ 20 km. Elle vous offre une multitude de possibilit\u00e9s de d\u00e9tente, comme les nombreuses randonn\u00e9es pour pi\u00e9tons, cyclistes ou des descentes en kayak.<\/p>\n\n\n\n<h2><strong>Liens utiles<\/strong><\/h2>\n\n\n\n<p><a href=\"http:\/\/www.pays-de-huy.be\" target=\"_blank\" rel=\"noreferrer noopener\">http:\/\/www.pays-de-huy.be<\/a><br><a href=\"http:\/\/www.simm48.be\" target=\"_blank\" rel=\"noreferrer noopener\">http:\/\/www.simm48.be<\/a><br><a href=\"http:\/\/www.paysdesvallees.be\" target=\"_blank\" rel=\"noreferrer noopener\">http:\/\/www.paysdesvallees.be<\/a><br><a href=\"http:\/\/www.tourismewallonie.be\/\" target=\"_blank\" rel=\"noreferrer noopener\">http:\/\/www.tourismewallonie.be\/<\/a><br><a href=\"http:\/\/www.belgie-toerisme.be\" target=\"_blank\" rel=\"noreferrer noopener\">http:\/\/www.belgie-toerisme.be<\/a><br><a href=\"http:\/\/www.opt.be\" target=\"_blank\" rel=\"noreferrer noopener\">http:\/\/www.opt.be<\/a><br><a href=\"http:\/\/ravel.wallonie.be\" target=\"_blank\" rel=\"noreferrer noopener\">http:\/\/ravel.wallonie.be<\/a><br><a href=\"http:\/\/www.routeyou.com\/location\/view\/47440773\/ravel-ligne-126.nl\" target=\"_blank\" rel=\"noreferrer noopener\">http:\/\/www.routeyou.com\/location\/view\/47440773\/ravel-ligne-126.nl<\/a><br><a href=\"http:\/\/www.ftpl.be\/images\/brochures\/ravel.pdf\" target=\"_blank\" rel=\"noreferrer noopener\">http:\/\/www.ftpl.be\/images\/brochures\/ravel.pdf<\/a><br><a href=\"http:\/\/www.modave-castle.be\" target=\"_blank\" rel=\"noreferrer noopener\">http:\/\/www.modave-castle.be<\/a><br><a href=\"http:\/\/www.365.be\/attractions\/att\/culture-chateaux-citadelles-modave-63-chateau-de-modave.html\" target=\"_blank\" rel=\"noreferrer noopener\">http:\/\/www.365.be\/attractions\/att\/culture-chateaux-citadelles-modave-63-chateau-de-modave.html<\/a><br><a href=\"http:\/\/www.durbuy.be\" target=\"_blank\" rel=\"noreferrer noopener\">http:\/\/www.durbuy.be<\/a><br><a href=\"http:\/\/www.huy.be\" target=\"_blank\" rel=\"noreferrer noopener\">http:\/\/www.huy.be<\/a><br><a href=\"http:\/\/www.valleesdessaveurs.be\" target=\"_blank\" rel=\"noreferrer noopener\">http:\/\/www.valleesdessaveurs.be<\/a><br><a href=\"http:\/\/www.latitude50.be\" target=\"_blank\" rel=\"noreferrer noopener\">http:\/\/www.latitude50.be<\/a><br><a href=\"http:\/\/www.centreculturelmarchin.be\" target=\"_blank\" rel=\"noreferrer noopener\">http:\/\/www.centreculturelmarchin.be<\/a><\/p>\n","protected":false},"excerpt":{"rendered":"<p>Le village de Marchin se situe dans \u201cLe pays du Condroz\u201d, une r\u00e9gion voisine des Ardennes et bien connue pour ses ch\u00e2teaux, ses anciennes \u00e9glises, fermes et chemins \u00e0 travers collines, bois et petits villages pittoresques. La ville de Huy, une ville pleine d\u2019histoire, vaut certainement la visite, avec sa tr\u00e8s belle grande place entour\u00e9e de caf\u00e9s et de magasins, et sa forteresse imposante dominant la Meuse. Les amateurs du cyclisme connaissent sans doute le \u201cMur de Huy\u201d, la mont\u00e9e finale de la \u201cFl\u00e8che de Wallonie\u201d. A moins de 5 km se trouve le ch\u00e2teau de Modave, merveilleusement restaur\u00e9, construit&#8230; <\/p>\n","protected":false},"author":1,"featured_media":0,"parent":0,"menu_order":0,"comment_status":"closed","ping_status":"closed","template":"","meta":{"ngg_post_thumbnail":0},"_links":{"self":[{"href":"https:\/\/garedebarse.be\/site-fr\/wp-json\/wp\/v2\/pages\/168"}],"collection":[{"href":"https:\/\/garedebarse.be\/site-fr\/wp-json\/wp\/v2\/pages"}],"about":[{"href":"https:\/\/garedebarse.be\/site-fr\/wp-json\/wp\/v2\/types\/page"}],"author":[{"embeddable":true,"href":"https:\/\/garedebarse.be\/site-fr\/wp-json\/wp\/v2\/users\/1"}],"replies":[{"embeddable":true,"href":"https:\/\/garedebarse.be\/site-fr\/wp-json\/wp\/v2\/comments?post=168"}],"version-history":[{"count":7,"href":"https:\/\/garedebarse.be\/site-fr\/wp-json\/wp\/v2\/pages\/168\/revisions"}],"predecessor-version":[{"id":503,"href":"https:\/\/garedebarse.be\/site-fr\/wp-json\/wp\/v2\/pages\/168\/revisions\/503"}],"wp:attachment":[{"href":"https:\/\/garedebarse.be\/site-fr\/wp-json\/wp\/v2\/media?parent=168"}],"curies":[{"name":"wp","href":"https:\/\/api.w.org\/{rel}","templated":true}]}}