{"id":166,"date":"2023-08-05T11:54:12","date_gmt":"2023-08-05T11:54:12","guid":{"rendered":"https:\/\/garedebarse.be\/site-fr\/?page_id=166"},"modified":"2024-10-01T08:56:12","modified_gmt":"2024-10-01T08:56:12","slug":"description","status":"publish","type":"page","link":"https:\/\/garedebarse.be\/site-fr\/description\/","title":{"rendered":"D\u00e9scription"},"content":{"rendered":"\n<p><\/p>\n\n\n\n<p><strong>Pi\u00e8ces \u00e0 vivre:<\/strong><br><br><strong>Cuisine design spacieuse:<\/strong><br>\u2013 Cuisine \u00eelot<br>\u2013 Plaque vitroc\u00e9ramique<br>\u2013 Four<br>\u2013 Four \u00e0 micro-ondes<br>\u2013 Frigo \u2013 congelateur<br>\u2013 Cong\u00e9lateur<br>\u2013 Lave-vaisselle<\/p>\n\n\n\n<p><strong>Le salon:<\/strong><br>\u2013 Salon + coin agreable<br>\u2013 TV (digital) + DVD&nbsp; <br>\u2013 WiFi<\/p>\n\n\n\n<p><strong>Chambre d\u2019 enfants:<\/strong><br>\u2013 Trampoline \u00d8 240cm<br><br><strong>Hall Toilet<\/strong><br><br><strong>Chambres \u00e0 coucher:<\/strong><\/p>\n\n\n\n<p><strong>4 chambres \u00e0 coucher + 3 salles de bains<\/strong><br>\u2013 Chambre \u00e0 coucher 1: \u00a0\u00a0 2 x 1 pers boxspring de luxe 90x200cm , sdb priv\u00e9e avec toilette et douche de luxe<br>\u2013 Chambre \u00e0 coucher 2 + 3: \u00a0\u00a0 \u00a02 x 1 pers boxspring de luxe 90x200cm, sdb priv\u00e9e avec toilette et douche de lux, annexe chambre d\u2019enfants: lits superpos\u00e9s 90x200cm)<br>\u2013 Chambre \u00e0 coucher 4 (Rdc): \u00a0\u00a0 2 x 1 pers boxspring de luxe 90x200cm , sdb priv\u00e9e avec toilette et douche de luxe<\/p>\n\n\n\n<p><strong>JARDIN<\/strong><br>\u2013 La Gare de Barse est situ\u00e9e sur un terrain de 65a<br>\u2013 Terras vers le sud avec BBQ<\/p>\n\n\n\n<p><strong>AUTRE<\/strong><br>\u2013 Lave-linge + s\u00e8che-linge<br>\u2013 2 lits b\u00e9b\u00e9 + chaises b\u00e9b\u00e9 \u00e0 votre disposition<br>\u2013 Grande parking pour vo\u00eetures<br>\u2013 Garage de cycles<br><\/p>\n","protected":false},"excerpt":{"rendered":"<p>Pi\u00e8ces \u00e0 vivre: Cuisine design spacieuse:\u2013 Cuisine \u00eelot\u2013 Plaque vitroc\u00e9ramique\u2013 Four\u2013 Four \u00e0 micro-ondes\u2013 Frigo \u2013 congelateur\u2013 Cong\u00e9lateur\u2013 Lave-vaisselle Le salon:\u2013 Salon + coin agreable\u2013 TV (digital) + DVD&nbsp; \u2013 WiFi Chambre d\u2019 enfants:\u2013 Trampoline \u00d8 240cm Hall Toilet Chambres \u00e0 coucher: 4 chambres \u00e0 coucher + 3 salles de bains\u2013 Chambre \u00e0 coucher 1: \u00a0\u00a0 2 x 1 pers boxspring de luxe 90x200cm , sdb priv\u00e9e avec toilette et douche de luxe\u2013 Chambre \u00e0 coucher 2 + 3: \u00a0\u00a0 \u00a02 x 1 pers boxspring de luxe 90x200cm, sdb priv\u00e9e avec toilette et douche de lux, annexe chambre d\u2019enfants: lits&#8230; <\/p>\n","protected":false},"author":1,"featured_media":0,"parent":0,"menu_order":0,"comment_status":"closed","ping_status":"closed","template":"","meta":{"ngg_post_thumbnail":0},"_links":{"self":[{"href":"https:\/\/garedebarse.be\/site-fr\/wp-json\/wp\/v2\/pages\/166"}],"collection":[{"href":"https:\/\/garedebarse.be\/site-fr\/wp-json\/wp\/v2\/pages"}],"about":[{"href":"https:\/\/garedebarse.be\/site-fr\/wp-json\/wp\/v2\/types\/page"}],"author":[{"embeddable":true,"href":"https:\/\/garedebarse.be\/site-fr\/wp-json\/wp\/v2\/users\/1"}],"replies":[{"embeddable":true,"href":"https:\/\/garedebarse.be\/site-fr\/wp-json\/wp\/v2\/comments?post=166"}],"version-history":[{"count":22,"href":"https:\/\/garedebarse.be\/site-fr\/wp-json\/wp\/v2\/pages\/166\/revisions"}],"predecessor-version":[{"id":556,"href":"https:\/\/garedebarse.be\/site-fr\/wp-json\/wp\/v2\/pages\/166\/revisions\/556"}],"wp:attachment":[{"href":"https:\/\/garedebarse.be\/site-fr\/wp-json\/wp\/v2\/media?parent=166"}],"curies":[{"name":"wp","href":"https:\/\/api.w.org\/{rel}","templated":true}]}}